{"id":127,"date":"2017-06-20T02:16:00","date_gmt":"2017-06-20T00:16:00","guid":{"rendered":"http:\/\/musee-laruedutempsquipasse.fr\/?page_id=127"},"modified":"2025-08-03T19:33:15","modified_gmt":"2025-08-03T17:33:15","slug":"la-visite","status":"publish","type":"page","link":"https:\/\/musee-laruedutempsquipasse.fr\/?page_id=127","title":{"rendered":"La visite"},"content":{"rendered":"\n<h3 class=\"wp-block-heading\"><span style=\"color: #993300;\">La visite dure entre 1h et 1h30&#8230;<\/span><\/h3>\n\n\n<div class=\"wp-block-image\">\n<figure class=\"alignright size-full is-resized\"><a href=\"https:\/\/www.inpi.fr\/\"><img loading=\"lazy\" decoding=\"async\" width=\"190\" height=\"100\" src=\"http:\/\/musee-laruedutempsquipasse.fr\/wp-content\/uploads\/2022\/06\/logo-INPI.png\" alt=\"\" class=\"wp-image-475\" style=\"width:139px;height:73px\"\/><\/a><\/figure><\/div>\n\n\n<h3 class=\"wp-block-heading has-vivid-red-color has-text-color\"><span style=\"color: #993300;\">Le Certificat d&rsquo;\u00e9tudes Primaires * :<\/span><\/h3>\n\n\n\n<p class=\"has-vivid-red-color has-text-color has-small-font-size\"><em>*  Concept et id\u00e9e originale d\u00e9pos\u00e9s par le Mus\u00e9e \u00ab\u00a0La Rue du temps qui passe\u00a0\u00bb aupr\u00e8s de l&rsquo;I.N.P.I.<\/em><\/p>\n\n\n\n<p>Maintenant devenu l&rsquo;identit\u00e9 du Mus\u00e9e, le passage du \u00ab Certificat d\u2019\u00e9tudes Primaires \u00bb&nbsp;vous accompagne durant votre balade dans les ruelles aux \u00e9choppes reconstitu\u00e9es repr\u00e9sentant les&nbsp;m\u00e9tiers d\u2019autrefois.<\/p>\n\n\n\n<p>Un anachronisme (objet apr\u00e8s 1980) s\u2019est gliss\u00e9 dans chacune des sc\u00e8nes de vie repr\u00e9sent\u00e9es&#8230;&nbsp;\u00e0 vous de le trouver !!!<\/p>\n\n\n\n<p>Vous serez munis d\u2019une fiche et d\u2019un crayon afin de noter celui-ci&#8230;<br>A l\u2019issue de votre balade, une correction sera faite et vous donnera votre note et votre dipl\u00f4me.<\/p>\n\n\n\n<iframe loading=\"lazy\" width=\"560\" height=\"315\" src=\"https:\/\/www.youtube.com\/embed\/IT-ToZMRts8\" title=\"YouTube video player\" frameborder=\"0\" allow=\"accelerometer; autoplay; clipboard-write; encrypted-media; gyroscope; picture-in-picture\" allowfullscreen=\"\"><\/iframe>\n\n\n\n<div class=\"wp-block-group alignwide\"><div class=\"wp-block-group__inner-container is-layout-flow wp-block-group-is-layout-flow\"><\/div><\/div>\n\n\n\n<h3 class=\"wp-block-heading\"><span style=\"color: #993300;\">La Rue du Temps qui passe, c&rsquo;est aussi :<\/span><\/h3>\n\n\n\n<ul class=\"wp-block-list\">\n<li>Une visite guid\u00e9e th\u00e9\u00e2tralis\u00e9e*<\/li>\n<\/ul>\n\n\n\n<figure class=\"wp-block-gallery aligncenter has-nested-images columns-default is-cropped wp-block-gallery-1 is-layout-flex wp-block-gallery-is-layout-flex\">\n<figure class=\"wp-block-image size-large\"><img loading=\"lazy\" decoding=\"async\" width=\"500\" height=\"625\" data-id=\"221\" src=\"http:\/\/musee-laruedutempsquipasse.fr\/wp-content\/uploads\/2017\/06\/Visitemarine.jpg\" alt=\"\" class=\"wp-image-221\" srcset=\"https:\/\/musee-laruedutempsquipasse.fr\/wp-content\/uploads\/2017\/06\/Visitemarine.jpg 500w, https:\/\/musee-laruedutempsquipasse.fr\/wp-content\/uploads\/2017\/06\/Visitemarine-240x300.jpg 240w\" sizes=\"auto, (max-width: 500px) 100vw, 500px\" \/><\/figure>\n\n\n\n<figure class=\"wp-block-image size-large\"><img loading=\"lazy\" decoding=\"async\" width=\"500\" height=\"333\" data-id=\"222\" src=\"http:\/\/musee-laruedutempsquipasse.fr\/wp-content\/uploads\/2017\/06\/Visitetrio.jpg\" alt=\"\" class=\"wp-image-222\" srcset=\"https:\/\/musee-laruedutempsquipasse.fr\/wp-content\/uploads\/2017\/06\/Visitetrio.jpg 500w, https:\/\/musee-laruedutempsquipasse.fr\/wp-content\/uploads\/2017\/06\/Visitetrio-300x200.jpg 300w\" sizes=\"auto, (max-width: 500px) 100vw, 500px\" \/><\/figure>\n\n\n\n<figure class=\"wp-block-image size-large\"><img loading=\"lazy\" decoding=\"async\" width=\"500\" height=\"865\" data-id=\"220\" src=\"http:\/\/musee-laruedutempsquipasse.fr\/wp-content\/uploads\/2017\/06\/Visiteduo.jpg\" alt=\"\" class=\"wp-image-220\" srcset=\"https:\/\/musee-laruedutempsquipasse.fr\/wp-content\/uploads\/2017\/06\/Visiteduo.jpg 500w, https:\/\/musee-laruedutempsquipasse.fr\/wp-content\/uploads\/2017\/06\/Visiteduo-173x300.jpg 173w\" sizes=\"auto, (max-width: 500px) 100vw, 500px\" \/><\/figure>\n<\/figure>\n\n\n\n<p><em>(*consultez la page <a href=\"https:\/\/www.facebook.com\/laruedutempsquipasse\/\">Facebook<\/a> pour les dates &#8211; option disponible sur r\u00e9servation pour les groupes)<\/em><\/p>\n\n\n\n<ul class=\"wp-block-list\">\n<li>Un Site disponible \u00e0 la location pour vos \u00e9v\u00e8nements avec service traiteur\u00a0<em>(contactez nous !)<\/em><\/li>\n\n\n\n<li>Des soir\u00e9es th\u00e9matiques (aimez notre page Facebook pour rester inform\u00e9s)<\/li>\n<\/ul>\n\n\n<div class=\"wp-block-image\">\n<figure class=\"aligncenter\"><a href=\"https:\/\/www.facebook.com\/laruedutempsquipasse\/\"><img loading=\"lazy\" decoding=\"async\" width=\"300\" height=\"118\" src=\"http:\/\/musee-laruedutempsquipasse.fr\/wp-content\/uploads\/2017\/06\/Facebook-e1497921414756-300x118.jpg\" alt=\"\" class=\"wp-image-169\" srcset=\"https:\/\/musee-laruedutempsquipasse.fr\/wp-content\/uploads\/2017\/06\/Facebook-e1497921414756-300x118.jpg 300w, https:\/\/musee-laruedutempsquipasse.fr\/wp-content\/uploads\/2017\/06\/Facebook-e1497921414756.jpg 386w\" sizes=\"auto, (max-width: 300px) 100vw, 300px\" \/><\/a><\/figure><\/div>","protected":false},"excerpt":{"rendered":"<p>La visite dure entre 1h et 1h30&#8230; Le Certificat d&rsquo;\u00e9tudes Primaires * : * Concept et id\u00e9e originale d\u00e9pos\u00e9s par le Mus\u00e9e \u00ab\u00a0La Rue du temps qui passe\u00a0\u00bb aupr\u00e8s de l&rsquo;I.N.P.I. Maintenant devenu l&rsquo;identit\u00e9 du Mus\u00e9e, le passage du \u00ab Certificat d\u2019\u00e9tudes Primaires \u00bb&nbsp;vous accompagne durant votre balade dans les ruelles aux \u00e9choppes reconstitu\u00e9es repr\u00e9sentant &#8230; <span class=\"more\"><a class=\"more-link\" href=\"https:\/\/musee-laruedutempsquipasse.fr\/?page_id=127\">[Read more&#8230;]<\/a><\/span><\/p>\n","protected":false},"author":1,"featured_media":0,"parent":0,"menu_order":0,"comment_status":"closed","ping_status":"closed","template":"","meta":{"jetpack_post_was_ever_published":false,"footnotes":""},"class_list":["entry","page","publish","author-admin3668","post-127"],"jetpack_sharing_enabled":true,"jetpack_shortlink":"https:\/\/wp.me\/P8Jj4g-23","jetpack_likes_enabled":true,"_links":{"self":[{"href":"https:\/\/musee-laruedutempsquipasse.fr\/index.php?rest_route=\/wp\/v2\/pages\/127","targetHints":{"allow":["GET"]}}],"collection":[{"href":"https:\/\/musee-laruedutempsquipasse.fr\/index.php?rest_route=\/wp\/v2\/pages"}],"about":[{"href":"https:\/\/musee-laruedutempsquipasse.fr\/index.php?rest_route=\/wp\/v2\/types\/page"}],"author":[{"embeddable":true,"href":"https:\/\/musee-laruedutempsquipasse.fr\/index.php?rest_route=\/wp\/v2\/users\/1"}],"replies":[{"embeddable":true,"href":"https:\/\/musee-laruedutempsquipasse.fr\/index.php?rest_route=%2Fwp%2Fv2%2Fcomments&post=127"}],"version-history":[{"count":40,"href":"https:\/\/musee-laruedutempsquipasse.fr\/index.php?rest_route=\/wp\/v2\/pages\/127\/revisions"}],"predecessor-version":[{"id":585,"href":"https:\/\/musee-laruedutempsquipasse.fr\/index.php?rest_route=\/wp\/v2\/pages\/127\/revisions\/585"}],"wp:attachment":[{"href":"https:\/\/musee-laruedutempsquipasse.fr\/index.php?rest_route=%2Fwp%2Fv2%2Fmedia&parent=127"}],"curies":[{"name":"wp","href":"https:\/\/api.w.org\/{rel}","templated":true}]}}