{"id":94,"date":"2017-06-19T21:25:02","date_gmt":"2017-06-19T19:25:02","guid":{"rendered":"http:\/\/musee-laruedutempsquipasse.fr\/?page_id=94"},"modified":"2019-12-02T01:25:19","modified_gmt":"2019-12-02T00:25:19","slug":"remerciements","status":"publish","type":"page","link":"https:\/\/musee-laruedutempsquipasse.fr\/?page_id=94","title":{"rendered":"Remerciements"},"content":{"rendered":"\n<h3 class=\"has-text-color wp-block-heading\" style=\"color:#a30000\"><span style=\"color: #993300;\"><strong>Un grand Merci<\/strong><\/span>&#8230;<\/h3>\n\n\n\n<p>Un petit coup de pouce \u00e0 travers un financement participatif Ulule a permis de r\u00e9aliser la touche finale avant l&rsquo;ouverture le 2 juillet 2017&#8230; Jetez un oeil au projet pour d\u00e9couvrir des photos du chantier ! <\/p>\n\n\n\n<p class=\"has-text-align-center\">Cliquez ci-dessous :<\/p>\n\n\n\n<div class=\"wp-block-image\"><figure class=\"aligncenter size-large is-resized\"><a href=\"https:\/\/fr.ulule.com\/laruedutemps\/\"><img loading=\"lazy\" decoding=\"async\" src=\"https:\/\/musee-laruedutempsquipasse.fr\/wp-content\/uploads\/2019\/12\/ulule-stamp-fr.c0ff1a0c943d-1024x1024.png\" alt=\"\" class=\"wp-image-328\" width=\"201\" height=\"201\" srcset=\"https:\/\/musee-laruedutempsquipasse.fr\/wp-content\/uploads\/2019\/12\/ulule-stamp-fr.c0ff1a0c943d-1024x1024.png 1024w, https:\/\/musee-laruedutempsquipasse.fr\/wp-content\/uploads\/2019\/12\/ulule-stamp-fr.c0ff1a0c943d-300x300.png 300w, https:\/\/musee-laruedutempsquipasse.fr\/wp-content\/uploads\/2019\/12\/ulule-stamp-fr.c0ff1a0c943d-150x150.png 150w, https:\/\/musee-laruedutempsquipasse.fr\/wp-content\/uploads\/2019\/12\/ulule-stamp-fr.c0ff1a0c943d-768x768.png 768w, https:\/\/musee-laruedutempsquipasse.fr\/wp-content\/uploads\/2019\/12\/ulule-stamp-fr.c0ff1a0c943d-1536x1536.png 1536w, https:\/\/musee-laruedutempsquipasse.fr\/wp-content\/uploads\/2019\/12\/ulule-stamp-fr.c0ff1a0c943d.png 1600w\" sizes=\"auto, (max-width: 201px) 100vw, 201px\" \/><\/a><\/figure><\/div>\n\n\n\n<h3 class=\"has-text-color wp-block-heading\" style=\"color:#a30000\"><strong>Merci aux donateurs : <\/strong><\/h3>\n\n\n\n<ul class=\"wp-block-list\"><li><a href=\"http:\/\/www.centretoutterrainduperigord.com\">Ackiel-Stephanie Hellegouarch<\/a><\/li><li>Alain Danse<\/li><li>Alex Bloom<\/li><li>Aline Lebrun<\/li><li>Amicale Des Vieilles Roues Du Val De Loire<\/li><li>Anne Marie Goossens<\/li><li><a href=\"http:\/\/www.maremm.club\">Ass Montpon Autos R\u00e9tro Motos<\/a><\/li><li>Association Pyrenees Auto Retro<\/li><li><a href=\"https:\/\/fermelestilleuls.com\/site\/index.php\">Bernard Faget<\/a><\/li><li>Bertrand Gazel<\/li><li>Betty Berger<\/li><li><a href=\"https:\/\/www.google.fr\/maps\/place\/Billac+Louis\/@44.8857282,1.217096,15z\/data=!4m5!3m4!1s0x0:0xc19711fac09ca422!8m2!3d44.8857282!4d1.217096\">Billac Louis<\/a><\/li><li>Bonnefon Jean<\/li><li><a href=\"http:\/\/www.montgolfiere-du-perigord.com\/fr\">Boris &amp; Martine Nigrowsky<\/a><\/li><li><a href=\"https:\/\/www.facebook.com\/associationbouffardises1\/\">Bouffard Marie Laure<\/a><\/li><li>Brigitte Pistolozzi<\/li><li>Calou Lm<\/li><li><a href=\"http:\/\/www.fromagesbortolin.fr\">Caroline Bortolin<\/a><\/li><li>Catherine Gargaud<\/li><li>Cedric Despujols<\/li><li>Chantal Domengie<\/li><li>Chantal Magimel-Valbuena<\/li><li>Christian Delix<\/li><li><a href=\"http:\/\/www.hotel-lagravette.com\">Christian Martinez<\/a><\/li><li>Christine Chies<\/li><li>Delibie Jean-Claude<\/li><li>Denis Giubergia<\/li><li>Desieux Jean-Jacques<\/li><li>Dominique Leroy<\/li><li>Fanny Valat<\/li><li><a href=\"http:\/\/www.arts-et-meubles.com\/ebeniste.php\">Fellet Emmanuel Arts Et Meubles<\/a><\/li><li>Flora Badin<\/li><li><a href=\"https:\/\/www.locationgregoire.com\">Francois Gregoire<\/a><\/li><li>Fran\u00e7oise Carves<\/li><li>Francoise Savin Chauveau<\/li><li>Francoise Tramasure<\/li><li>Gael Tardivel<\/li><li>Gary Alain<\/li><li>Gaussinel Michel<\/li><li>Gerard Paquet<\/li><li>Gilles Gros<\/li><li>Gilles Sanfourche<\/li><li>Gisele Bretou<\/li><li>Grippier Christian<\/li><li>Guillaume Becourt<\/li><li><a href=\"http:\/\/lostinstudio.com\/index.html\">Guillaume Nelessen<\/a><\/li><li>Helene Knoth<\/li><li>Huguette Martigny<\/li><li>Jacqueline Deszelus<\/li><li>Jacqueline Le Corre<\/li><li>Jacques Crouzel<\/li><li>Jacques Pilla<\/li><li>Jc Rivallin<\/li><li>Jean Roquet<\/li><li>Jean-Claude Peyramaure<\/li><li>Jean-Jacques De Peretti<\/li><li>Jean-Luc Neveu<\/li><li><a href=\"http:\/\/www.fromagesbortolin.fr\">Jerome Bortolin<\/a><\/li><li><a href=\"http:\/\/www.jimmys.fr\/The_Jimmys_Bar.html\">Jerome Negrevergne<\/a><\/li><li><a href=\"http:\/\/www.sarlat-commerce.com\/commercants\/autres-commerces\/autres-commerces-autres\/j-j-print\">Julie Negrevergne<\/a><\/li><li>K2l<\/li><li>Labigne Roselyne<\/li><li>Laure Et Sebastien Boissat De Mazerat<\/li><li>Laurent Tetevide<\/li><li>Lydiestephan<\/li><li>Malard Jean-Luc<\/li><li>Manou Rosemarie Gracias<\/li><li>Marc Gallais<\/li><li>Marc Simboiselle<\/li><li>Marie-Th\u00e9r\u00e8se Dubois<\/li><li><a href=\"http:\/\/www.leszigolos.fr\">Marine Pucheu<\/a><\/li><li><a href=\"http:\/\/www.leszigolos.fr\">Martin Bortolin<\/a><\/li><li><a href=\"http:\/\/www.fromagesbortolin.fr\">Martine Bortolin<\/a><\/li><li>Maryline Bailly<\/li><li>Mathilde Michel<\/li><li>Mattieu Manceau<\/li><li>Maxime Ferrier<\/li><li>Michele Manet<\/li><li>Morgane Roudaut<\/li><li>Mourgues Eric Et Christine<\/li><li><a href=\"https:\/\/www.google.fr\/maps\/place\/R\u00eaves+et+Bouquets\/@44.7761781,1.0057089,15z\/data=!4m5!3m4!1s0x0:0x3e78e70b55866b48!8m2!3d44.7761781!4d1.0057089\">Mourier Am\u00e9lie<\/a><\/li><li>Nicolas Floirac<\/li><li>Pascal Chiffoleau<\/li><li>Pascal Farina<\/li><li>Pascal Jacques<\/li><li>Patricia Basset<\/li><li>Patricia Juillot-Michelet<\/li><li>Patrick Dufour<\/li><li>Peterh<\/li><li>Phildo<\/li><li>Philippe Bonnemore<\/li><li>Philippe Cotty<\/li><li><a href=\"http:\/\/www.acsancyvolcancetres.fr\/mapage4\/index.html\">Philippe Rouveyroux<\/a><\/li><li>Pierre Badin<\/li><li>Rene Magimel<\/li><li><a href=\"http:\/\/www.voyages-rey.fr\/\">Robert Rey<\/a><\/li><li>Roger Levache<\/li><li><a href=\"https:\/\/www.facebook.com\/operationpercypink\/\">Ronald Knoth<\/a><\/li><li><a href=\"https:\/\/www.facebook.com\/batilocation24\/\">Sarl Delpeyrat Francis<\/a><\/li><li><a href=\"https:\/\/www.facebook.com\/Ch%C3%A2teau-Mazivert-984863218221609\/\">Scea De Mazivert<\/a><\/li><li><a href=\"http:\/\/www.demy.lu\/fr\/\">Schandeler Gaston<\/a><\/li><li>Scp Ph Magis Et Joorty Notaires Associ\u00e9s<\/li><li>Serre Levieux Bernadette<\/li><li>Severine Cosse<\/li><li><a href=\"https:\/\/www.montabac.fr\/24250-tabac-l-echoppe-perigourdine\">Snc Echoppe P\u00e9rigourdine<\/a><\/li><li>Stallne87<\/li><li>Steph Berbessou<\/li><li>Sylvia Morante<\/li><li>Sylvie Braud<\/li><li>Sylvie Mar\u00e9chal<\/li><li>Taverne Georgette<\/li><li>Th\u00e9r\u00e8se Hag\u00e8ge<\/li><li>Thomas Lebouc Dupin De Saint Cyr<\/li><li>Ute Chell<\/li><li>Valerie Wyon<\/li><li>Yannick Girard<\/li><li>Yvette Calmels<\/li><li>Zizazabel<\/li><\/ul>\n\n\n\n<p><em>(Par souci d&rsquo;\u00e9quit\u00e9, les&nbsp;donateurs sont class\u00e9s par ordre alphab\u00e9tique en fonction de leur nom ou pseudonyme. Malgr\u00e9&nbsp;toute l&rsquo;attention port\u00e9e \u00e0 la r\u00e9alisation de cette liste, si des oublis ou des erreurs demeurent, nous vous prions de nous en excuser et nous vous remercions par avance de nous les signaler)<\/em><\/p>\n","protected":false},"excerpt":{"rendered":"<p>Un grand Merci&#8230; Un petit coup de pouce \u00e0 travers un financement participatif Ulule a permis de r\u00e9aliser la touche finale avant l&rsquo;ouverture le 2 juillet 2017&#8230; Jetez un oeil au projet pour d\u00e9couvrir des photos du chantier ! Cliquez ci-dessous : Merci aux donateurs : Ackiel-Stephanie Hellegouarch Alain Danse Alex Bloom Aline Lebrun Amicale &#8230; <span class=\"more\"><a class=\"more-link\" href=\"https:\/\/musee-laruedutempsquipasse.fr\/?page_id=94\">[Read more&#8230;]<\/a><\/span><\/p>\n","protected":false},"author":1,"featured_media":0,"parent":0,"menu_order":0,"comment_status":"closed","ping_status":"closed","template":"","meta":{"jetpack_post_was_ever_published":false,"footnotes":""},"class_list":["entry","page","publish","author-admin3668","post-94"],"jetpack_sharing_enabled":true,"jetpack_shortlink":"https:\/\/wp.me\/P8Jj4g-1w","jetpack_likes_enabled":true,"_links":{"self":[{"href":"https:\/\/musee-laruedutempsquipasse.fr\/index.php?rest_route=\/wp\/v2\/pages\/94","targetHints":{"allow":["GET"]}}],"collection":[{"href":"https:\/\/musee-laruedutempsquipasse.fr\/index.php?rest_route=\/wp\/v2\/pages"}],"about":[{"href":"https:\/\/musee-laruedutempsquipasse.fr\/index.php?rest_route=\/wp\/v2\/types\/page"}],"author":[{"embeddable":true,"href":"https:\/\/musee-laruedutempsquipasse.fr\/index.php?rest_route=\/wp\/v2\/users\/1"}],"replies":[{"embeddable":true,"href":"https:\/\/musee-laruedutempsquipasse.fr\/index.php?rest_route=%2Fwp%2Fv2%2Fcomments&post=94"}],"version-history":[{"count":12,"href":"https:\/\/musee-laruedutempsquipasse.fr\/index.php?rest_route=\/wp\/v2\/pages\/94\/revisions"}],"predecessor-version":[{"id":329,"href":"https:\/\/musee-laruedutempsquipasse.fr\/index.php?rest_route=\/wp\/v2\/pages\/94\/revisions\/329"}],"wp:attachment":[{"href":"https:\/\/musee-laruedutempsquipasse.fr\/index.php?rest_route=%2Fwp%2Fv2%2Fmedia&parent=94"}],"curies":[{"name":"wp","href":"https:\/\/api.w.org\/{rel}","templated":true}]}}